{"id":1012,"date":"2026-04-01T22:23:22","date_gmt":"2026-04-01T19:23:22","guid":{"rendered":"https:\/\/dbox.lt\/?page_id=1012"},"modified":"2026-04-01T22:23:23","modified_gmt":"2026-04-01T19:23:23","slug":"uab-it-logika-expands-its-export-markets-by-participating-in-trade-shows-and-obtaining-product-certifications","status":"publish","type":"page","link":"https:\/\/dbox.lt\/lt\/uab-it-logika-eksporto-rinku-pletra-dalyvaujant-parodose-ir-sertifikuojant-produkcija\/","title":{"rendered":"UAB \u201eIT logika\u201c eksporto rink\u0173 pl\u0117tra dalyvaujant parodose ir sertifikuojant produkcij\u0105"},"content":{"rendered":"","protected":false},"excerpt":{"rendered":"","protected":false},"author":2,"featured_media":0,"parent":0,"menu_order":0,"comment_status":"closed","ping_status":"closed","template":"","meta":{"_seopress_robots_primary_cat":"","_seopress_titles_title":"","_seopress_titles_desc":"","_seopress_robots_index":"","_editorskit_title_hidden":false,"_editorskit_reading_time":0,"_editorskit_is_block_options_detached":false,"_editorskit_block_options_position":"{}","footnotes":""},"class_list":["post-1012","page","type-page","status-publish","hentry"],"_links":{"self":[{"href":"https:\/\/dbox.lt\/lt\/wp-json\/wp\/v2\/pages\/1012"}],"collection":[{"href":"https:\/\/dbox.lt\/lt\/wp-json\/wp\/v2\/pages"}],"about":[{"href":"https:\/\/dbox.lt\/lt\/wp-json\/wp\/v2\/types\/page"}],"author":[{"embeddable":true,"href":"https:\/\/dbox.lt\/lt\/wp-json\/wp\/v2\/users\/2"}],"replies":[{"embeddable":true,"href":"https:\/\/dbox.lt\/lt\/wp-json\/wp\/v2\/comments?post=1012"}],"version-history":[{"count":1,"href":"https:\/\/dbox.lt\/lt\/wp-json\/wp\/v2\/pages\/1012\/revisions"}],"predecessor-version":[{"id":1015,"href":"https:\/\/dbox.lt\/lt\/wp-json\/wp\/v2\/pages\/1012\/revisions\/1015"}],"wp:attachment":[{"href":"https:\/\/dbox.lt\/lt\/wp-json\/wp\/v2\/media?parent=1012"}],"curies":[{"name":"wp","href":"https:\/\/api.w.org\/{rel}","templated":true}]}}