{"id":352,"date":"2024-09-19T13:30:42","date_gmt":"2024-09-19T10:30:42","guid":{"rendered":"https:\/\/dbox.lt\/?page_id=352"},"modified":"2024-09-19T13:58:25","modified_gmt":"2024-09-19T10:58:25","slug":"solar-and-wind-infrastructure","status":"publish","type":"page","link":"https:\/\/dbox.lt\/lt\/saules-ir-vejo-infrastruktura\/","title":{"rendered":"Saul\u0117s ir v\u0117jo infrastrukt\u016bra"},"content":{"rendered":"<p>DBOX sistema - tai pa\u017eangi bepilo\u010di\u0173 orlaivi\u0173 bazin\u0117 stotis, kuri padeda automatizuotai tikrinti v\u0117jo ir saul\u0117s energijos infrastrukt\u016br\u0105, ypa\u010d nauding\u0105 didelio masto saul\u0117s elektrini\u0173 parkams. DBOX stotyje esantis dronas, skraidydamas i\u0161 anksto nustatytais ir suplanuotais mar\u0161rutais, realiuoju laiku renka vaizdinius duomenis apie saul\u0117s kolektorius ir v\u0117jo turbinas, aptinka pa\u017eeidimus, nusid\u0117v\u0117jim\u0105 ir veiklos tr\u016bkumus. \u0160ie duomenys leid\u017eia operatoriams ir technin\u0117s prie\u017ei\u016bros komandoms \u012fvertinti dabartin\u0119 j\u0117gaini\u0173 b\u016bkl\u0119, apskai\u010diuoti galimus nuostolius ir nustatyti papildom\u0173 investicij\u0173 ar remonto poreik\u012f. Taip DBOX suma\u017eina rizik\u0105, susijusi\u0105 su rankiniais patikrinimais, u\u017etikrina atitikt\u012f, saug\u0105 ir nepertraukiam\u0105 veikim\u0105 be brangiai kainuojan\u010di\u0173 veiklos sustabdym\u0173. \u0160is sprendimas yra efektyvesn\u0117 ir tikslesn\u0117 alternatyva tradiciniams infrastrukt\u016bros tikrinimo metodams, leid\u017eianti suma\u017einti \u017emogi\u0161k\u0173j\u0173 klaid\u0173 tikimyb\u0119, darbo s\u0105naudas bei maksimaliai palaikyti j\u0117gaini\u0173 na\u0161um\u0105.<\/p>","protected":false},"excerpt":{"rendered":"<p>The DBOX system is an advanced drone base station that is helpful for the automated inspection of wind and solar energy infrastructures, especially beneficial for large-scale solar farms. By following pre-defined and pre-scheduled routes, DBOX collects real-time visual data on solar panels and wind turbines, detecting damage, wear, and operational inefficiencies. This data enables operators [&hellip;]<\/p>","protected":false},"author":2,"featured_media":223,"parent":0,"menu_order":0,"comment_status":"closed","ping_status":"closed","template":"","meta":{"_seopress_robots_primary_cat":"","_seopress_titles_title":"Solar and wind infrastructure","_seopress_titles_desc":"The DBOX system is an advanced drone base station that is helpful for the automated inspection of wind and solar energy infrastructures","_seopress_robots_index":"","_editorskit_title_hidden":false,"_editorskit_reading_time":0,"_editorskit_is_block_options_detached":false,"_editorskit_block_options_position":"{}","footnotes":""},"class_list":["post-352","page","type-page","status-publish","has-post-thumbnail","hentry"],"_links":{"self":[{"href":"https:\/\/dbox.lt\/lt\/wp-json\/wp\/v2\/pages\/352"}],"collection":[{"href":"https:\/\/dbox.lt\/lt\/wp-json\/wp\/v2\/pages"}],"about":[{"href":"https:\/\/dbox.lt\/lt\/wp-json\/wp\/v2\/types\/page"}],"author":[{"embeddable":true,"href":"https:\/\/dbox.lt\/lt\/wp-json\/wp\/v2\/users\/2"}],"replies":[{"embeddable":true,"href":"https:\/\/dbox.lt\/lt\/wp-json\/wp\/v2\/comments?post=352"}],"version-history":[{"count":2,"href":"https:\/\/dbox.lt\/lt\/wp-json\/wp\/v2\/pages\/352\/revisions"}],"predecessor-version":[{"id":357,"href":"https:\/\/dbox.lt\/lt\/wp-json\/wp\/v2\/pages\/352\/revisions\/357"}],"wp:featuredmedia":[{"embeddable":true,"href":"https:\/\/dbox.lt\/lt\/wp-json\/wp\/v2\/media\/223"}],"wp:attachment":[{"href":"https:\/\/dbox.lt\/lt\/wp-json\/wp\/v2\/media?parent=352"}],"curies":[{"name":"wp","href":"https:\/\/api.w.org\/{rel}","templated":true}]}}