{"id":359,"date":"2024-09-19T13:59:57","date_gmt":"2024-09-19T10:59:57","guid":{"rendered":"https:\/\/dbox.lt\/?page_id=359"},"modified":"2025-03-28T10:36:25","modified_gmt":"2025-03-28T08:36:25","slug":"electric-power-infrastructure-2","status":"publish","type":"page","link":"https:\/\/dbox.lt\/lt\/elektros-energijos-infrastruktura\/","title":{"rendered":"Elektros energijos infrastrukt\u016bra"},"content":{"rendered":"<p>DBOX, moderni bepilo\u010di\u0173 orlaivi\u0173 bazin\u0117 stotis, padeda atlikti automatizuot\u0105 elektros energijos infrastrukt\u016bros ap\u017evalg\u0105 ir diagnostik\u0105. Ji ypa\u010d vertinga pri\u017ei\u016brint dideles teritorijas ir sunkiai pasiekiamus objektus, tokius kaip elektros perdavimo linijos, stulpai, transformatorin\u0117s, skirstyklos, elektrin\u0117s, saul\u0117s bei v\u0117jo j\u0117gain\u0117s.<\/p><p>Laikydamasi i\u0161 anksto nustatyt\u0173 ir suplanuot\u0173 mar\u0161rut\u0173, DBOX sistema realiuoju laiku renka auk\u0161tos kokyb\u0117s vaizdinius duomenis, leid\u017eian\u010dius identifikuoti \u017eal\u0105 ar rizikas, atsirandan\u010dias d\u0117l toki\u0173 veiksni\u0173 kaip nuvirt\u0119 med\u017eiai, sniego lavinos, stipr\u016bs v\u0117jai, audros ar kiti ekstremal\u016bs aplinkos rei\u0161kiniai. Tokia nuotolin\u0117 ap\u017evalga yra itin naudinga kalnuotose vietov\u0117se, kur \u012fprasti patikrinimai reikalauja daug laiko, \u017emogi\u0161k\u0173j\u0173 resurs\u0173 ir patiria reik\u0161ming\u0173 logistikos i\u0161\u0161\u016bki\u0173.<\/p><p>DBOX sprendimas padeda technin\u0117s prie\u017ei\u016bros specialistams tiksliai \u012fvertinti \u017eal\u0105, nustatyti remonto prioritetus ir u\u017etikrinti skland\u0173, nepertraukiam\u0105 elektros energijos tiekim\u0105, i\u0161vengiant brangiai kainuojan\u010di\u0173 veiklos stabdym\u0173. Automatizuoti duomenys palengvina sprendim\u0173 pri\u0117mim\u0105 bei technin\u0117s prie\u017ei\u016bros planavim\u0105.<\/p><p>Lyginant su tradiciniais infrastrukt\u016bros tikrinimo metodais, DBOX u\u017etikrina didesn\u012f saugum\u0105, ma\u017eesn\u0119 \u017emogi\u0161k\u0173j\u0173 klaid\u0173 rizik\u0105 ir \u017eenkliai optimizuoja darbo s\u0105naudas. Tai patikima, inovatyvi ir ateities technologijomis gr\u012fsta alternatyva efektyviai energetikos objekt\u0173 prie\u017ei\u016brai.<\/p>","protected":false},"excerpt":{"rendered":"<p>DBOX is a state-of-the-art autonomous drone docking station, purpose-built for automated inspection and diagnostics of energy infrastructure. It delivers exceptional value in monitoring large-scale and remote assets, including transmission lines, power poles, substations, transformers, power plants, solar installations, and wind farms. Operating along predefined and pre-programmed flight paths, the DBOX system collects high-resolution visual data [&hellip;]<\/p>","protected":false},"author":2,"featured_media":224,"parent":0,"menu_order":0,"comment_status":"closed","ping_status":"closed","template":"","meta":{"_seopress_robots_primary_cat":"","_seopress_titles_title":"%%post_title%%","_seopress_titles_desc":"The DBOX system is an advanced drone base station that is valuable for the automated inspection of electric power infrastructure","_seopress_robots_index":"","_editorskit_title_hidden":false,"_editorskit_reading_time":0,"_editorskit_is_block_options_detached":false,"_editorskit_block_options_position":"{}","footnotes":""},"class_list":["post-359","page","type-page","status-publish","has-post-thumbnail","hentry"],"_links":{"self":[{"href":"https:\/\/dbox.lt\/lt\/wp-json\/wp\/v2\/pages\/359"}],"collection":[{"href":"https:\/\/dbox.lt\/lt\/wp-json\/wp\/v2\/pages"}],"about":[{"href":"https:\/\/dbox.lt\/lt\/wp-json\/wp\/v2\/types\/page"}],"author":[{"embeddable":true,"href":"https:\/\/dbox.lt\/lt\/wp-json\/wp\/v2\/users\/2"}],"replies":[{"embeddable":true,"href":"https:\/\/dbox.lt\/lt\/wp-json\/wp\/v2\/comments?post=359"}],"version-history":[{"count":3,"href":"https:\/\/dbox.lt\/lt\/wp-json\/wp\/v2\/pages\/359\/revisions"}],"predecessor-version":[{"id":680,"href":"https:\/\/dbox.lt\/lt\/wp-json\/wp\/v2\/pages\/359\/revisions\/680"}],"wp:featuredmedia":[{"embeddable":true,"href":"https:\/\/dbox.lt\/lt\/wp-json\/wp\/v2\/media\/224"}],"wp:attachment":[{"href":"https:\/\/dbox.lt\/lt\/wp-json\/wp\/v2\/media?parent=359"}],"curies":[{"name":"wp","href":"https:\/\/api.w.org\/{rel}","templated":true}]}}