{"id":365,"date":"2024-09-19T14:05:20","date_gmt":"2024-09-19T11:05:20","guid":{"rendered":"https:\/\/dbox.lt\/?page_id=365"},"modified":"2024-09-19T14:05:21","modified_gmt":"2024-09-19T11:05:21","slug":"construction-sites-2","status":"publish","type":"page","link":"https:\/\/dbox.lt\/lt\/statybvietes\/","title":{"rendered":"Statybviet\u0117s"},"content":{"rendered":"<p>DBOX sistema yra pa\u017eangi dron\u0173 bazin\u0117 stotis, vertinga automatizuotiems patikrinimams statybviet\u0117se, \u012fskaitant nutolusiose ar sunkiai pasiekiamose vietose. DBOX teikia duomenis i\u0161 oro realiuoju laiku, tod\u0117l galima efektyviai steb\u0117ti statybviet\u0117s proces\u0173 eig\u0105, sekti sand\u0117liuojam\u0173 med\u017eiag\u0173 kiek\u012f ir u\u017etikrinti saugos reikalavim\u0173 laikym\u0105si. D\u0117l geb\u0117jimo greitai apr\u0117pti didelius plotus ji ypa\u010d naudinga valdant inventori\u0173 ir i\u0161teklius dideliuose statybos projektuose. Be to, leid\u017eia patogiai fiksuoti statybos darb\u0173 eiga sud\u0117tingai pasiekiamose vietose. DBOX suma\u017eina rankini\u0173 patikrinim\u0173 poreik\u012f, pagerina bendr\u0105 statybviet\u0117s valdym\u0105 ir optimizuoja sprendim\u0173 pri\u0117mimo procesus.<\/p>","protected":false},"excerpt":{"rendered":"<p>The DBOX system is an advanced drone base station valuable for automated inspections across various sectors, including construction sites. It provides real-time aerial data, allowing for efficient monitoring of site progress, tracking materials, and ensuring safety compliance. Its ability to quickly cover large areas makes it particularly useful for managing inventory and resources on large-scale [&hellip;]<\/p>","protected":false},"author":2,"featured_media":225,"parent":0,"menu_order":0,"comment_status":"closed","ping_status":"closed","template":"","meta":{"_seopress_robots_primary_cat":"","_seopress_titles_title":"%%post_title%%","_seopress_titles_desc":"The DBOX system is an advanced drone base station valuable for automated inspections across various sectors, including construction sites.","_seopress_robots_index":"","_editorskit_title_hidden":false,"_editorskit_reading_time":0,"_editorskit_is_block_options_detached":false,"_editorskit_block_options_position":"{}","footnotes":""},"class_list":["post-365","page","type-page","status-publish","has-post-thumbnail","hentry"],"_links":{"self":[{"href":"https:\/\/dbox.lt\/lt\/wp-json\/wp\/v2\/pages\/365"}],"collection":[{"href":"https:\/\/dbox.lt\/lt\/wp-json\/wp\/v2\/pages"}],"about":[{"href":"https:\/\/dbox.lt\/lt\/wp-json\/wp\/v2\/types\/page"}],"author":[{"embeddable":true,"href":"https:\/\/dbox.lt\/lt\/wp-json\/wp\/v2\/users\/2"}],"replies":[{"embeddable":true,"href":"https:\/\/dbox.lt\/lt\/wp-json\/wp\/v2\/comments?post=365"}],"version-history":[{"count":1,"href":"https:\/\/dbox.lt\/lt\/wp-json\/wp\/v2\/pages\/365\/revisions"}],"predecessor-version":[{"id":368,"href":"https:\/\/dbox.lt\/lt\/wp-json\/wp\/v2\/pages\/365\/revisions\/368"}],"wp:featuredmedia":[{"embeddable":true,"href":"https:\/\/dbox.lt\/lt\/wp-json\/wp\/v2\/media\/225"}],"wp:attachment":[{"href":"https:\/\/dbox.lt\/lt\/wp-json\/wp\/v2\/media?parent=365"}],"curies":[{"name":"wp","href":"https:\/\/api.w.org\/{rel}","templated":true}]}}