{"id":369,"date":"2024-09-19T14:06:46","date_gmt":"2024-09-19T11:06:46","guid":{"rendered":"https:\/\/dbox.lt\/?page_id=369"},"modified":"2024-09-19T14:06:46","modified_gmt":"2024-09-19T11:06:46","slug":"national-park-monitoring-2","status":"publish","type":"page","link":"https:\/\/dbox.lt\/lt\/nacionaliniu-parku-stebejimas\/","title":{"rendered":"Nacionalini\u0173 park\u0173 steb\u0117jimas"},"content":{"rendered":"<p>DBOX sistema yra pa\u017eangi dron\u0173 bazin\u0117 stotis, labai naudinga stebint nacionalinius parkus. DBOX dronas skenuoja informacij\u0105 ir teikia vertingus realaus laiko duomenis tokioms u\u017eduotims kaip kra\u0161tovaizd\u017eio poky\u010di\u0173 matavimas, laukini\u0173 gyv\u016bn\u0173 steb\u0117sena ir aplinkos s\u0105lyg\u0173 vertinimas. Pavyzd\u017eiui, DBOX gali pad\u0117ti i\u0161matuoti sm\u0117lio kop\u0173 t\u016br\u012f, steb\u0117ti invazini\u0173 pauk\u0161\u010di\u0173 lizdus atokiose vietov\u0117se arba surinkti duomenis ekologiniam poveikiui \u012fvertinti gaisr\u0173 metu. \u0160is universalus \u012frankis leid\u017eia park\u0173 prie\u017ei\u016bros specialistams efektyviai pri\u017ei\u016br\u0117ti dideles, sunkiai pasiekiamas teritorijas, taip dedant maksimalias pastangas \u012f optimali\u0105 gamtosaug\u0105 ir i\u0161tekli\u0173 tausojim\u0105.<\/p>","protected":false},"excerpt":{"rendered":"<p>The DBOX system is an advanced drone base station highly effective for national park monitoring. It provides valuable real-time data for tasks such as measuring landscape changes, tracking wildlife, and assessing environmental conditions. For example, DBOX can help measure sand dune volumes, monitor invasive bird nests in remote areas, or evaluate ecological impacts during wildfires. [&hellip;]<\/p>","protected":false},"author":2,"featured_media":226,"parent":0,"menu_order":0,"comment_status":"closed","ping_status":"closed","template":"","meta":{"_seopress_robots_primary_cat":"","_seopress_titles_title":"%%post_title%%","_seopress_titles_desc":"The DBOX system is an advanced drone base station highly effective for national park monitoring.","_seopress_robots_index":"","_editorskit_title_hidden":false,"_editorskit_reading_time":0,"_editorskit_is_block_options_detached":false,"_editorskit_block_options_position":"{}","footnotes":""},"class_list":["post-369","page","type-page","status-publish","has-post-thumbnail","hentry"],"_links":{"self":[{"href":"https:\/\/dbox.lt\/lt\/wp-json\/wp\/v2\/pages\/369"}],"collection":[{"href":"https:\/\/dbox.lt\/lt\/wp-json\/wp\/v2\/pages"}],"about":[{"href":"https:\/\/dbox.lt\/lt\/wp-json\/wp\/v2\/types\/page"}],"author":[{"embeddable":true,"href":"https:\/\/dbox.lt\/lt\/wp-json\/wp\/v2\/users\/2"}],"replies":[{"embeddable":true,"href":"https:\/\/dbox.lt\/lt\/wp-json\/wp\/v2\/comments?post=369"}],"version-history":[{"count":1,"href":"https:\/\/dbox.lt\/lt\/wp-json\/wp\/v2\/pages\/369\/revisions"}],"predecessor-version":[{"id":372,"href":"https:\/\/dbox.lt\/lt\/wp-json\/wp\/v2\/pages\/369\/revisions\/372"}],"wp:featuredmedia":[{"embeddable":true,"href":"https:\/\/dbox.lt\/lt\/wp-json\/wp\/v2\/media\/226"}],"wp:attachment":[{"href":"https:\/\/dbox.lt\/lt\/wp-json\/wp\/v2\/media?parent=369"}],"curies":[{"name":"wp","href":"https:\/\/api.w.org\/{rel}","templated":true}]}}