{"id":373,"date":"2024-09-19T14:09:57","date_gmt":"2024-09-19T11:09:57","guid":{"rendered":"https:\/\/dbox.lt\/?page_id=373"},"modified":"2024-09-19T14:11:58","modified_gmt":"2024-09-19T11:11:58","slug":"traffic-monitoring","status":"publish","type":"page","link":"https:\/\/dbox.lt\/lt\/eismo-stebejimas\/","title":{"rendered":"Eismo steb\u0117jimas"},"content":{"rendered":"<p>DBOX sistema yra vertinga i\u0161mani\u0173j\u0173 miest\u0173 eismo steb\u0117jimo priemon\u0117, teikianti realaus laiko duomenis i\u0161 oro ir padedanti optimizuoti eismo srautus bei pagerinti judum\u0105 mieste. Gaudama i\u0161sami\u0105 informacij\u0105 apie sankry\u017e\u0173 pralaidum\u0105 ir eismo modelius, DBOX sistema padeda miesto planuotojams nustatyti vietas, kuriose reikia atlikti pakeitimus, pavyzd\u017eiui, \u0161viesoforuose prid\u0117ti arba panaikinti krypties signalus. Sistema palaiko dinamin\u012f eismo valdym\u0105, tod\u0117l galima integruoti LED kintam\u0173 prane\u0161im\u0173 \u017eenklus, kurie prisitaiko prie kintan\u010dio eismo intensyvumo. Naudodami DBOX, i\u0161manieji miestai gali priimti duomenimis pagr\u012fstus sprendimus, kad suma\u017eint\u0173 sp\u016bstis, padidint\u0173 saugum\u0105 ir supaprastint\u0173 transporto sistemas, kad miestas b\u016bt\u0173 efektyvesnis.<\/p>","protected":false},"excerpt":{"rendered":"<p>The DBOX system is a valuable tool for smart city traffic monitoring, providing real-time aerial data to optimize traffic flow and enhance urban mobility. By capturing detailed information on intersection capacity and traffic patterns, DBOX helps city planners identify areas where adjustments are needed, such as adding or removing directional signals at traffic lights. The [&hellip;]<\/p>","protected":false},"author":2,"featured_media":52,"parent":0,"menu_order":0,"comment_status":"closed","ping_status":"closed","template":"","meta":{"_seopress_robots_primary_cat":"","_seopress_titles_title":"%%post_title%%","_seopress_titles_desc":"The DBOX system is a valuable tool for smart city traffic monitoring, providing real-time aerial data to optimize traffic flow and enhance urban mobility.","_seopress_robots_index":"","_editorskit_title_hidden":false,"_editorskit_reading_time":0,"_editorskit_is_block_options_detached":false,"_editorskit_block_options_position":"{}","footnotes":""},"class_list":["post-373","page","type-page","status-publish","has-post-thumbnail","hentry"],"_links":{"self":[{"href":"https:\/\/dbox.lt\/lt\/wp-json\/wp\/v2\/pages\/373"}],"collection":[{"href":"https:\/\/dbox.lt\/lt\/wp-json\/wp\/v2\/pages"}],"about":[{"href":"https:\/\/dbox.lt\/lt\/wp-json\/wp\/v2\/types\/page"}],"author":[{"embeddable":true,"href":"https:\/\/dbox.lt\/lt\/wp-json\/wp\/v2\/users\/2"}],"replies":[{"embeddable":true,"href":"https:\/\/dbox.lt\/lt\/wp-json\/wp\/v2\/comments?post=373"}],"version-history":[{"count":1,"href":"https:\/\/dbox.lt\/lt\/wp-json\/wp\/v2\/pages\/373\/revisions"}],"predecessor-version":[{"id":376,"href":"https:\/\/dbox.lt\/lt\/wp-json\/wp\/v2\/pages\/373\/revisions\/376"}],"wp:featuredmedia":[{"embeddable":true,"href":"https:\/\/dbox.lt\/lt\/wp-json\/wp\/v2\/media\/52"}],"wp:attachment":[{"href":"https:\/\/dbox.lt\/lt\/wp-json\/wp\/v2\/media?parent=373"}],"curies":[{"name":"wp","href":"https:\/\/api.w.org\/{rel}","templated":true}]}}