{"id":377,"date":"2024-09-19T14:13:37","date_gmt":"2024-09-19T11:13:37","guid":{"rendered":"https:\/\/dbox.lt\/?page_id=377"},"modified":"2024-09-19T14:13:38","modified_gmt":"2024-09-19T11:13:38","slug":"situational-awareness-2","status":"publish","type":"page","link":"https:\/\/dbox.lt\/lt\/situaciju-vertinimas\/","title":{"rendered":"Situacij\u0173 vertinimas"},"content":{"rendered":"<p>DBOX sistema atlieka svarb\u0173 vaidmen\u012f gerinant i\u0161mani\u0173j\u0173 miest\u0173 informuotum\u0105 apie reali\u0105 situacij\u0105, realiuoju laiku teikdama duomenis i\u0161 oro. Pavyzd\u017eiui, DBOX gali rinkti duomenis apie stog\u0173 b\u016bkl\u0119, u\u017efiksuoti u\u017esistov\u0117jusias ir apleistas transporto priemones, pad\u0117ti steb\u0117ti  keli\u0173 ir gyvenam\u0173j\u0173 nam\u0173 kiemuose susikaupus\u012f liet\u0173 ar snieg\u0105 ir \u012fvertinti eismo saugumo s\u0105lygas. DBOX taip pat gali rinkti duomenis apie \u0161ilumos paskirstymo tinkl\u0173 b\u016bkl\u0119 ir paj\u0117gum\u0105, tod\u0117l galima efektyviau vykdyti technin\u0119 prie\u017ei\u016br\u0105 ir valdyti energij\u0105. Be to, sistema padeda tvarkyti atliekas, nes nustato stambiagabari\u010di\u0173 atliek\u0173 sankaupas vie\u0161osiose vietose ir aptinka perpildytas \u0161iuk\u0161liad\u0117\u017ees, tod\u0117l galima laiku \u012fsiki\u0161ti ir pagerinti bendr\u0105 miesto \u0161var\u0105. DBOX padeda i\u0161maniesiems miestams priimti pagr\u012fstus, duomenimis paremtus sprendimus, siekiant optimizuoti gyvenimo s\u0105lygas miestuose.<\/p>","protected":false},"excerpt":{"rendered":"<p>The DBOX system plays a crucial role in enhancing situational awareness within smart cities by providing real-time aerial data for better urban management. It can gather data of the condition of rooftops, identify long-abandoned vehicles, help tracking rain or snow accumulation on roads and in residential courtyards, and assess road safety conditions. DBOX can also [&hellip;]<\/p>","protected":false},"author":2,"featured_media":227,"parent":0,"menu_order":0,"comment_status":"closed","ping_status":"closed","template":"","meta":{"_seopress_robots_primary_cat":"","_seopress_titles_title":"%%post_title%%","_seopress_titles_desc":"The DBOX system plays a crucial role in enhancing situational awareness within smart cities by providing real-time aerial data for better urban management.","_seopress_robots_index":"","_editorskit_title_hidden":false,"_editorskit_reading_time":0,"_editorskit_is_block_options_detached":false,"_editorskit_block_options_position":"{}","footnotes":""},"class_list":["post-377","page","type-page","status-publish","has-post-thumbnail","hentry"],"_links":{"self":[{"href":"https:\/\/dbox.lt\/lt\/wp-json\/wp\/v2\/pages\/377"}],"collection":[{"href":"https:\/\/dbox.lt\/lt\/wp-json\/wp\/v2\/pages"}],"about":[{"href":"https:\/\/dbox.lt\/lt\/wp-json\/wp\/v2\/types\/page"}],"author":[{"embeddable":true,"href":"https:\/\/dbox.lt\/lt\/wp-json\/wp\/v2\/users\/2"}],"replies":[{"embeddable":true,"href":"https:\/\/dbox.lt\/lt\/wp-json\/wp\/v2\/comments?post=377"}],"version-history":[{"count":1,"href":"https:\/\/dbox.lt\/lt\/wp-json\/wp\/v2\/pages\/377\/revisions"}],"predecessor-version":[{"id":380,"href":"https:\/\/dbox.lt\/lt\/wp-json\/wp\/v2\/pages\/377\/revisions\/380"}],"wp:featuredmedia":[{"embeddable":true,"href":"https:\/\/dbox.lt\/lt\/wp-json\/wp\/v2\/media\/227"}],"wp:attachment":[{"href":"https:\/\/dbox.lt\/lt\/wp-json\/wp\/v2\/media?parent=377"}],"curies":[{"name":"wp","href":"https:\/\/api.w.org\/{rel}","templated":true}]}}