{"id":381,"date":"2024-09-19T14:14:21","date_gmt":"2024-09-19T11:14:21","guid":{"rendered":"https:\/\/dbox.lt\/?page_id=381"},"modified":"2024-09-19T14:14:28","modified_gmt":"2024-09-19T11:14:28","slug":"3d-reality-modeling-2","status":"publish","type":"page","link":"https:\/\/dbox.lt\/lt\/3d-realybes-modeliavimas\/","title":{"rendered":"3D realyb\u0117s modeliavimas"},"content":{"rendered":"<p>DBOX sistema yra labai vertinga 3D realyb\u0117s modeliavimui ir miesto aplinkos skaitmenini\u0173 dvyni\u0173 k\u016brimui. Skrisdamas vir\u0161 miesto, dronas renka tikslius realaus laiko duomenis, kuriuos pasitelkiant sukuriamas i\u0161samus 3D modelis. \u0160iuos modelius architektai ir savivaldyb\u0117s gali naudoti planuodami naujas statybas, optimizuodami miesto infrastrukt\u016br\u0105 ir steb\u0117dami miesto pl\u0117tr\u0105. DBOX u\u017efiksuoti duomenys padeda sukurti dinami\u0161k\u0105 skaitmenin\u012f dvyn\u012f - itin gyv\u0105 ir naujausi\u0105 miesto kopij\u0105. \u0160iuo skaitmeniniu dvyniu gali naudotis miesto gyventojai ir sve\u010diai, o tai suteikia verting\u0173 \u012f\u017evalg\u0173 navigacijai, vie\u0161osioms paslaugoms ir miest\u0173 planavimui, d\u0117l ko pager\u0117ja bendra i\u0161maniojo miesto patirtis.<\/p>","protected":false},"excerpt":{"rendered":"<p>The DBOX system is highly valuable for 3D reality modeling and creating digital twins of urban environments. By flying over a city, the drone collects precise, real-time data that can be used to generate detailed 3D models. Architects and municipalities can utilize these models to plan new developments, optimize urban infrastructure, and monitor city growth. [&hellip;]<\/p>","protected":false},"author":2,"featured_media":228,"parent":0,"menu_order":0,"comment_status":"closed","ping_status":"closed","template":"","meta":{"_seopress_robots_primary_cat":"","_seopress_titles_title":"%%post_title%%","_seopress_titles_desc":"The DBOX system is highly valuable for 3D reality modeling and creating digital twins of urban environments.","_seopress_robots_index":"","_editorskit_title_hidden":false,"_editorskit_reading_time":0,"_editorskit_is_block_options_detached":false,"_editorskit_block_options_position":"{}","footnotes":""},"class_list":["post-381","page","type-page","status-publish","has-post-thumbnail","hentry"],"_links":{"self":[{"href":"https:\/\/dbox.lt\/lt\/wp-json\/wp\/v2\/pages\/381"}],"collection":[{"href":"https:\/\/dbox.lt\/lt\/wp-json\/wp\/v2\/pages"}],"about":[{"href":"https:\/\/dbox.lt\/lt\/wp-json\/wp\/v2\/types\/page"}],"author":[{"embeddable":true,"href":"https:\/\/dbox.lt\/lt\/wp-json\/wp\/v2\/users\/2"}],"replies":[{"embeddable":true,"href":"https:\/\/dbox.lt\/lt\/wp-json\/wp\/v2\/comments?post=381"}],"version-history":[{"count":1,"href":"https:\/\/dbox.lt\/lt\/wp-json\/wp\/v2\/pages\/381\/revisions"}],"predecessor-version":[{"id":384,"href":"https:\/\/dbox.lt\/lt\/wp-json\/wp\/v2\/pages\/381\/revisions\/384"}],"wp:featuredmedia":[{"embeddable":true,"href":"https:\/\/dbox.lt\/lt\/wp-json\/wp\/v2\/media\/228"}],"wp:attachment":[{"href":"https:\/\/dbox.lt\/lt\/wp-json\/wp\/v2\/media?parent=381"}],"curies":[{"name":"wp","href":"https:\/\/api.w.org\/{rel}","templated":true}]}}