{"id":385,"date":"2024-09-19T14:15:47","date_gmt":"2024-09-19T11:15:47","guid":{"rendered":"https:\/\/dbox.lt\/?page_id=385"},"modified":"2024-09-19T14:15:48","modified_gmt":"2024-09-19T11:15:48","slug":"first-responders-2","status":"publish","type":"page","link":"https:\/\/dbox.lt\/lt\/avarinis-reagavimas\/","title":{"rendered":"Avarinis reagavimas"},"content":{"rendered":"<p>DBOX sistema yra labai svarbus \u012frankis pirmosios pagalbos tarnyboms, leid\u017eiantis realiuoju laiku matyti vaizd\u0105 i\u0161 oro \u012ftempt\u0173 situacij\u0173, pavyzd\u017eiui, eismo sp\u016bs\u010di\u0173 ar eismo \u012fvyki\u0173, metu. Greitai fiksuodama ir perduodama i\u0161samius vaizdinius duomenis, DBOX sistema suteikia galimyb\u0119 reaguojantiems pareig\u016bnams efektyviai \u012fvertinti situacij\u0105 ir koordinuoti gelb\u0117jimo ar atstatymo darbus. \u012evykus avarijai, DBOX atsakingoms institucijoms gali pateikti duomenis i\u0161 realios \u012fvykio vietos, taigi \u012fvykio \u0161alys gali nebeb\u016bti ver\u010diamos laukti atvykstan\u010di\u0173 reagavimo tarnyb\u0173, taip taupant laiko ir \u017emogi\u0161k\u0173j\u0173 resurs\u0173 i\u0161teklius. Be to, DBOX sistema gali pad\u0117ti vykdyti paie\u0161kos ir gelb\u0117jimo operacijas, prisid\u0117dama prie dingusi\u0173 asmen\u0173 paie\u0161kos ir pagerindama reakcijos \u012f pavojingas situacijas kokyb\u0119.<\/p>","protected":false},"excerpt":{"rendered":"<p>The DBOX system is an essential tool for first responders, offering a real-time aerial view during emergencies such as traffic jams or road accidents. By quickly capturing and transmitting detailed visual data, DBOX enables responders to assess the situation efficiently and coordinate rescue or recovery efforts. In accident scenarios, it can provide an accurate overview [&hellip;]<\/p>","protected":false},"author":2,"featured_media":229,"parent":0,"menu_order":0,"comment_status":"closed","ping_status":"closed","template":"","meta":{"_seopress_robots_primary_cat":"","_seopress_titles_title":"%%post_title%%","_seopress_titles_desc":"The DBOX system is an essential tool for first responders, offering a real-time aerial view during emergencies such as traffic jams or road accidents.","_seopress_robots_index":"","_editorskit_title_hidden":false,"_editorskit_reading_time":0,"_editorskit_is_block_options_detached":false,"_editorskit_block_options_position":"{}","footnotes":""},"class_list":["post-385","page","type-page","status-publish","has-post-thumbnail","hentry"],"_links":{"self":[{"href":"https:\/\/dbox.lt\/lt\/wp-json\/wp\/v2\/pages\/385"}],"collection":[{"href":"https:\/\/dbox.lt\/lt\/wp-json\/wp\/v2\/pages"}],"about":[{"href":"https:\/\/dbox.lt\/lt\/wp-json\/wp\/v2\/types\/page"}],"author":[{"embeddable":true,"href":"https:\/\/dbox.lt\/lt\/wp-json\/wp\/v2\/users\/2"}],"replies":[{"embeddable":true,"href":"https:\/\/dbox.lt\/lt\/wp-json\/wp\/v2\/comments?post=385"}],"version-history":[{"count":1,"href":"https:\/\/dbox.lt\/lt\/wp-json\/wp\/v2\/pages\/385\/revisions"}],"predecessor-version":[{"id":388,"href":"https:\/\/dbox.lt\/lt\/wp-json\/wp\/v2\/pages\/385\/revisions\/388"}],"wp:featuredmedia":[{"embeddable":true,"href":"https:\/\/dbox.lt\/lt\/wp-json\/wp\/v2\/media\/229"}],"wp:attachment":[{"href":"https:\/\/dbox.lt\/lt\/wp-json\/wp\/v2\/media?parent=385"}],"curies":[{"name":"wp","href":"https:\/\/api.w.org\/{rel}","templated":true}]}}