{"id":389,"date":"2024-09-19T14:16:56","date_gmt":"2024-09-19T11:16:56","guid":{"rendered":"https:\/\/dbox.lt\/?page_id=389"},"modified":"2024-09-19T14:17:11","modified_gmt":"2024-09-19T11:17:11","slug":"24-7-area-security","status":"publish","type":"page","link":"https:\/\/dbox.lt\/lt\/24-7-zonos-apsauga\/","title":{"rendered":"24\/7 zonos apsauga"},"content":{"rendered":"<p>DBOX sistema itin pasiteisina vis\u0105 par\u0105 veikian\u010diai teritorijos apsaugai, ypa\u010d priva\u010diuose kvartaluose. DBOX valdomos autonomin\u0117s bepilo\u010di\u0173 orlaivi\u0173 stotys nuolat nuotoliniu b\u016bdu patruliuoja po kvartal\u0173 perimetr\u0105, \u012fskaitant vart\u0173 tikrinim\u0105 ir automobili\u0173 stov\u0117jimo aik\u0161teli\u0173 steb\u0117sen\u0105, nereikalaujant papildomo apsaugos personalo. Toks i\u0161samus steb\u0117jimas padidina saugumo priemoni\u0173 veiksmingum\u0105, realiuoju laiku nustatant pa\u017eeidimus ir apie juos \u012fsp\u0117jant tuos, kam tai aktualu. Suma\u017eindama \u017emoni\u0173 buvimo vietoje poreik\u012f, DBOX sistema u\u017etikrina patikim\u0105 apsaug\u0105 \u012fvairiomis oro s\u0105lygomis, prisid\u0117dama prie saugesn\u0117s ir patikimesn\u0117s priva\u010di\u0173 kvartal\u0173 ir kit\u0173 saugom\u0173 teritorij\u0173 aplinkos.<\/p>","protected":false},"excerpt":{"rendered":"<p>The DBOX system is highly effective for 24\/7 area security, especially in private residential communities. Autonomous drone stations managed by DBOX conduct constant, remote patrols across the perimeter, including gate inspections and parking lot monitoring, without requiring additional security personnel. This continuous surveillance enhances the frequency and effectiveness of security measures, detecting and alerting breaches [&hellip;]<\/p>","protected":false},"author":2,"featured_media":230,"parent":0,"menu_order":0,"comment_status":"closed","ping_status":"closed","template":"","meta":{"_seopress_robots_primary_cat":"","_seopress_titles_title":"%%post_title%%","_seopress_titles_desc":"The DBOX system is highly effective for 24\/7 area security, especially in private residential communities.","_seopress_robots_index":"","_editorskit_title_hidden":false,"_editorskit_reading_time":0,"_editorskit_is_block_options_detached":false,"_editorskit_block_options_position":"{}","footnotes":""},"class_list":["post-389","page","type-page","status-publish","has-post-thumbnail","hentry"],"_links":{"self":[{"href":"https:\/\/dbox.lt\/lt\/wp-json\/wp\/v2\/pages\/389"}],"collection":[{"href":"https:\/\/dbox.lt\/lt\/wp-json\/wp\/v2\/pages"}],"about":[{"href":"https:\/\/dbox.lt\/lt\/wp-json\/wp\/v2\/types\/page"}],"author":[{"embeddable":true,"href":"https:\/\/dbox.lt\/lt\/wp-json\/wp\/v2\/users\/2"}],"replies":[{"embeddable":true,"href":"https:\/\/dbox.lt\/lt\/wp-json\/wp\/v2\/comments?post=389"}],"version-history":[{"count":1,"href":"https:\/\/dbox.lt\/lt\/wp-json\/wp\/v2\/pages\/389\/revisions"}],"predecessor-version":[{"id":392,"href":"https:\/\/dbox.lt\/lt\/wp-json\/wp\/v2\/pages\/389\/revisions\/392"}],"wp:featuredmedia":[{"embeddable":true,"href":"https:\/\/dbox.lt\/lt\/wp-json\/wp\/v2\/media\/230"}],"wp:attachment":[{"href":"https:\/\/dbox.lt\/lt\/wp-json\/wp\/v2\/media?parent=389"}],"curies":[{"name":"wp","href":"https:\/\/api.w.org\/{rel}","templated":true}]}}