{"id":393,"date":"2024-09-19T14:18:13","date_gmt":"2024-09-19T11:18:13","guid":{"rendered":"https:\/\/dbox.lt\/?page_id=393"},"modified":"2024-09-19T14:18:14","modified_gmt":"2024-09-19T11:18:14","slug":"public-safety-3","status":"publish","type":"page","link":"https:\/\/dbox.lt\/lt\/viesoji-tvarka\/","title":{"rendered":"Vie\u0161oji tvarka"},"content":{"rendered":"<p>DBOX sistema yra labai naudinga visuomen\u0117s saugumui, kadangi teikia pa\u017eangias automatinio steb\u0117jimo galimybes. Ji didina saugum\u0105 vie\u0161osiose erdv\u0117se d\u0117l nuolatinio steb\u0117jimo realiuoju laiku, kuris padeda greitai aptikti incidentus, pavyzd\u017eiui, u\u017efiksuoti nelaimingus atsitikimus ar avarines situacijas, ir \u012f juos reaguoti atsakingoms tarnyboms. DBOX gali efektyviai apr\u0117pti dideles teritorijas, \u012fskaitant parkus, rengini\u0173 vietas ir miest\u0173 centrus, transliuodamas detal\u0173 vaizd\u0105 i\u0161 oro, padedant\u012f valdyti incidentus. Integruodamasi su vie\u0161osios saugos sistemomis, DBOX padeda grei\u010diau reaguoti, gerina situacijos suvokim\u0105 ir didina bendr\u0105 bendruomen\u0117s saugum\u0105, pad\u0117dama veiksmingiau u\u017ekirsti keli\u0105 galimoms gr\u0117sm\u0117ms ir kovoti su jomis.<\/p>","protected":false},"excerpt":{"rendered":"<p>The DBOX system offers significant benefits for public safety by providing advanced, automated surveillance capabilities. It enhances safety in public spaces through continuous, real-time monitoring, which helps detect and respond to incidents such as accidents, disturbances, or emergencies quickly. DBOX can efficiently cover large areas, including parks, event venues, and urban centers, offering detailed aerial [&hellip;]<\/p>","protected":false},"author":2,"featured_media":231,"parent":0,"menu_order":0,"comment_status":"closed","ping_status":"closed","template":"","meta":{"_seopress_robots_primary_cat":"","_seopress_titles_title":"%%post_title%%","_seopress_titles_desc":"The DBOX system offers significant benefits for public safety by providing advanced, automated surveillance capabilities.","_seopress_robots_index":"","_editorskit_title_hidden":false,"_editorskit_reading_time":0,"_editorskit_is_block_options_detached":false,"_editorskit_block_options_position":"{}","footnotes":""},"class_list":["post-393","page","type-page","status-publish","has-post-thumbnail","hentry"],"_links":{"self":[{"href":"https:\/\/dbox.lt\/lt\/wp-json\/wp\/v2\/pages\/393"}],"collection":[{"href":"https:\/\/dbox.lt\/lt\/wp-json\/wp\/v2\/pages"}],"about":[{"href":"https:\/\/dbox.lt\/lt\/wp-json\/wp\/v2\/types\/page"}],"author":[{"embeddable":true,"href":"https:\/\/dbox.lt\/lt\/wp-json\/wp\/v2\/users\/2"}],"replies":[{"embeddable":true,"href":"https:\/\/dbox.lt\/lt\/wp-json\/wp\/v2\/comments?post=393"}],"version-history":[{"count":1,"href":"https:\/\/dbox.lt\/lt\/wp-json\/wp\/v2\/pages\/393\/revisions"}],"predecessor-version":[{"id":396,"href":"https:\/\/dbox.lt\/lt\/wp-json\/wp\/v2\/pages\/393\/revisions\/396"}],"wp:featuredmedia":[{"embeddable":true,"href":"https:\/\/dbox.lt\/lt\/wp-json\/wp\/v2\/media\/231"}],"wp:attachment":[{"href":"https:\/\/dbox.lt\/lt\/wp-json\/wp\/v2\/media?parent=393"}],"curies":[{"name":"wp","href":"https:\/\/api.w.org\/{rel}","templated":true}]}}