{"id":397,"date":"2024-09-19T14:21:58","date_gmt":"2024-09-19T11:21:58","guid":{"rendered":"https:\/\/dbox.lt\/?page_id=397"},"modified":"2025-05-26T14:47:33","modified_gmt":"2025-05-26T11:47:33","slug":"border-and-perimeter-patrol","status":"publish","type":"page","link":"https:\/\/dbox.lt\/lt\/sienu-ir-perimetro-kontrole\/","title":{"rendered":"Perimetro kontrol\u0117"},"content":{"rendered":"<p>DBOX sistema yra labai veiksminga perimetro kontrolei, pad\u0117dama u\u017etikrinti nuolatin\u012f automatin\u012f dideli\u0173 ir sud\u0117tingai prieinam\u0173 teritorij\u0173 steb\u0117jim\u0105. DBOX u\u017etikrina steb\u0117jim\u0105 i\u0161 oro realiuoju laiku, tai perimetr\u0105 steb\u0117ti galima nenaudojant brangi\u0173 \u017emogi\u0161k\u0173j\u0173 i\u0161tekli\u0173. DBOX gali veiksmingai apr\u0117pti nutolusias ir sunkiai pasiekiamas vietoves, taip garantuodama visapusi\u0161k\u0105 steb\u0117jim\u0105 ir savalaik\u012f neleistinos veiklos ar pa\u017eeidim\u0173 aptikim\u0105. Toks steb\u0117jimas i\u0161 oro suma\u017eina \u017emogi\u0161kojo patruliavimo poreik\u012f ir pagerina situacijos suvokim\u0105, taigi apsaugos darbuotojai, reaguodami \u012f DBOX sistema surinktus duomenis, gali grei\u010diau ir tiksliau reaguoti \u012f galimas gr\u0117smes. Supaprastindama steb\u0117jimo procesus ir teikdama tikslius duomenis realiuoju laiku, DBOX padeda optimizuoti i\u0161tekli\u0173 paskirstym\u0105 ir pagerinti bendr\u0105 perimetro saugum\u0105.<\/p>","protected":false},"excerpt":{"rendered":"<p>The DBOX system is highly effective for perimeter control by offering continuous, automated surveillance of extensive and challenging areas. It provides real-time aerial monitoring, allowing for precise tracking of perimeters without the need for extensive human resources. DBOX can efficiently cover remote and hard-to-reach locations, ensuring comprehensive surveillance and timely detection of unauthorized activities or [&hellip;]<\/p>","protected":false},"author":2,"featured_media":226,"parent":0,"menu_order":0,"comment_status":"closed","ping_status":"closed","template":"","meta":{"_seopress_robots_primary_cat":"","_seopress_titles_title":"%%post_title%%","_seopress_titles_desc":"The DBOX system is highly effective for border and perimeter control by offering continuous, automated surveillance of extensive and challenging areas.","_seopress_robots_index":"","_editorskit_title_hidden":false,"_editorskit_reading_time":0,"_editorskit_is_block_options_detached":false,"_editorskit_block_options_position":"{}","footnotes":""},"class_list":["post-397","page","type-page","status-publish","has-post-thumbnail","hentry"],"_links":{"self":[{"href":"https:\/\/dbox.lt\/lt\/wp-json\/wp\/v2\/pages\/397"}],"collection":[{"href":"https:\/\/dbox.lt\/lt\/wp-json\/wp\/v2\/pages"}],"about":[{"href":"https:\/\/dbox.lt\/lt\/wp-json\/wp\/v2\/types\/page"}],"author":[{"embeddable":true,"href":"https:\/\/dbox.lt\/lt\/wp-json\/wp\/v2\/users\/2"}],"replies":[{"embeddable":true,"href":"https:\/\/dbox.lt\/lt\/wp-json\/wp\/v2\/comments?post=397"}],"version-history":[{"count":2,"href":"https:\/\/dbox.lt\/lt\/wp-json\/wp\/v2\/pages\/397\/revisions"}],"predecessor-version":[{"id":776,"href":"https:\/\/dbox.lt\/lt\/wp-json\/wp\/v2\/pages\/397\/revisions\/776"}],"wp:featuredmedia":[{"embeddable":true,"href":"https:\/\/dbox.lt\/lt\/wp-json\/wp\/v2\/media\/226"}],"wp:attachment":[{"href":"https:\/\/dbox.lt\/lt\/wp-json\/wp\/v2\/media?parent=397"}],"curies":[{"name":"wp","href":"https:\/\/api.w.org\/{rel}","templated":true}]}}