{"id":401,"date":"2024-09-19T14:23:30","date_gmt":"2024-09-19T11:23:30","guid":{"rendered":"https:\/\/dbox.lt\/?page_id=401"},"modified":"2024-09-19T14:23:31","modified_gmt":"2024-09-19T11:23:31","slug":"search-and-rescue-2","status":"publish","type":"page","link":"https:\/\/dbox.lt\/lt\/paieska-ir-gelbejimas\/","title":{"rendered":"Paie\u0161ka ir gelb\u0117jimas"},"content":{"rendered":"<p>DBOX sistema yra vertinga paie\u0161kos ir gelb\u0117jimo operacij\u0173 priemon\u0117, teikianti svarbi\u0105 pagalb\u0105 miesto tarnyboms. Jos realiuoju laiku i\u0161 oro renkami duomenys leid\u017eia efektyviai ir kruop\u0161\u010diai vykdyti paie\u0161kas didel\u0117se ir sud\u0117tingose teritorijose. DBOX gali greitai skenuoti miesto aplink\u0105, parkus ir atokias vietoves, nustatydama galimai pasteb\u0117tus dingusius ar nelaim\u0117s i\u0161tiktus asmenis. Pateikdama i\u0161samius ir aktualius vaizdus, DBOX sistema gerina situacijos suvokim\u0105, padeda gelb\u0117toj\u0173 komandoms nustatyti tiksli\u0105 situacijos viet\u0105 ir efektyviau orientuotis sud\u0117tingoje vietov\u0117je. Toks greitas ir tikslus duomen\u0173 rinkimas pagreitina reagavimo laik\u0105, pagerina gelb\u0117toj\u0173 komand\u0173 veiksm\u0173 koordinavim\u0105 ir padidina s\u0117kmingo gelb\u0117jimo plano tikimyb\u0119.<\/p>","protected":false},"excerpt":{"rendered":"<p>The DBOX system is a valuable asset for search and rescue operations, providing essential support to city services. Its real-time aerial data collection capabilities allow for efficient and thorough search efforts over large and challenging areas. DBOX can quickly scan urban environments, parks, and remote locations, identifying potential sightings of missing persons or persons in [&hellip;]<\/p>","protected":false},"author":2,"featured_media":233,"parent":0,"menu_order":0,"comment_status":"closed","ping_status":"closed","template":"","meta":{"_seopress_robots_primary_cat":"","_seopress_titles_title":"%%post_title%%","_seopress_titles_desc":"The DBOX system is a valuable asset for search and rescue operations, providing essential support to city services.","_seopress_robots_index":"","_editorskit_title_hidden":false,"_editorskit_reading_time":0,"_editorskit_is_block_options_detached":false,"_editorskit_block_options_position":"{}","footnotes":""},"class_list":["post-401","page","type-page","status-publish","has-post-thumbnail","hentry"],"_links":{"self":[{"href":"https:\/\/dbox.lt\/lt\/wp-json\/wp\/v2\/pages\/401"}],"collection":[{"href":"https:\/\/dbox.lt\/lt\/wp-json\/wp\/v2\/pages"}],"about":[{"href":"https:\/\/dbox.lt\/lt\/wp-json\/wp\/v2\/types\/page"}],"author":[{"embeddable":true,"href":"https:\/\/dbox.lt\/lt\/wp-json\/wp\/v2\/users\/2"}],"replies":[{"embeddable":true,"href":"https:\/\/dbox.lt\/lt\/wp-json\/wp\/v2\/comments?post=401"}],"version-history":[{"count":1,"href":"https:\/\/dbox.lt\/lt\/wp-json\/wp\/v2\/pages\/401\/revisions"}],"predecessor-version":[{"id":404,"href":"https:\/\/dbox.lt\/lt\/wp-json\/wp\/v2\/pages\/401\/revisions\/404"}],"wp:featuredmedia":[{"embeddable":true,"href":"https:\/\/dbox.lt\/lt\/wp-json\/wp\/v2\/media\/233"}],"wp:attachment":[{"href":"https:\/\/dbox.lt\/lt\/wp-json\/wp\/v2\/media?parent=401"}],"curies":[{"name":"wp","href":"https:\/\/api.w.org\/{rel}","templated":true}]}}