{"id":406,"date":"2024-09-19T14:26:17","date_gmt":"2024-09-19T11:26:17","guid":{"rendered":"https:\/\/dbox.lt\/?page_id=406"},"modified":"2024-09-19T14:26:17","modified_gmt":"2024-09-19T11:26:17","slug":"crop-field-monitoring-2","status":"publish","type":"page","link":"https:\/\/dbox.lt\/lt\/paseliu-stebejimas\/","title":{"rendered":"Pas\u0117li\u0173 steb\u0117jimas"},"content":{"rendered":"<p>DBOX sistema su integruota multispektrine kamera efektyviai pagerina pas\u0117li\u0173 lauk\u0173 steb\u0117sen\u0105 \u017eem\u0117s \u016bkyje. \u0160i pa\u017eangi technologija leid\u017eia DBOX sistemai realiuoju laiku fiksuoti duomenis apie jav\u0173 pas\u0117li\u0173 ir augmenijos b\u016bkl\u0119. \u0160ie duomenys itin reik\u0161mingi - jais naudodamiesi agronomai gali tiksliai apskai\u010diuoti tr\u0105\u0161\u0173 poreik\u012f ir tiksliai nustatyti konkre\u010dius tr\u0119\u0161imo plotus, taip palengvinant tikslinio tr\u0119\u0161imo \u017eem\u0117lapi\u0173 sudarym\u0105. DBOX taip pat gali nustatyti lig\u0173 ar kenk\u0117j\u0173 pa\u017eeistus augalus, tod\u0117l specialistai gali priimti reikalingus sprendimus ir laiku imtis veiksm\u0173, siekiant u\u017ekirsti keli\u0105 augal\u0173 pakenkimui. Didindamas steb\u0117senos efektyvum\u0105 pasitelkiant multispektrinius vaizdus, DBOX padeda didinti pas\u0117li\u0173 derli\u0173, taupydamas laik\u0105 ir i\u0161teklius lauk\u0173 valdymui.<\/p>","protected":false},"excerpt":{"rendered":"<p>The DBOX system significantly enhances crop field monitoring in agriculture by utilizing a multispectral camera. This advanced technology allows DBOX to capture real-time data on the condition of cereal crops and vegetation health. This data is crucial for agronomy, allowing for the precise calculation of fertilizer requirements and accurate identification of fertilization areas, thereby facilitating [&hellip;]<\/p>","protected":false},"author":2,"featured_media":234,"parent":0,"menu_order":0,"comment_status":"closed","ping_status":"closed","template":"","meta":{"_seopress_robots_primary_cat":"","_seopress_titles_title":"%%post_title%%","_seopress_titles_desc":"The DBOX system significantly enhances crop field monitoring in agriculture by utilizing a multispectral camera.","_seopress_robots_index":"","_editorskit_title_hidden":false,"_editorskit_reading_time":0,"_editorskit_is_block_options_detached":false,"_editorskit_block_options_position":"{}","footnotes":""},"class_list":["post-406","page","type-page","status-publish","has-post-thumbnail","hentry"],"_links":{"self":[{"href":"https:\/\/dbox.lt\/lt\/wp-json\/wp\/v2\/pages\/406"}],"collection":[{"href":"https:\/\/dbox.lt\/lt\/wp-json\/wp\/v2\/pages"}],"about":[{"href":"https:\/\/dbox.lt\/lt\/wp-json\/wp\/v2\/types\/page"}],"author":[{"embeddable":true,"href":"https:\/\/dbox.lt\/lt\/wp-json\/wp\/v2\/users\/2"}],"replies":[{"embeddable":true,"href":"https:\/\/dbox.lt\/lt\/wp-json\/wp\/v2\/comments?post=406"}],"version-history":[{"count":1,"href":"https:\/\/dbox.lt\/lt\/wp-json\/wp\/v2\/pages\/406\/revisions"}],"predecessor-version":[{"id":409,"href":"https:\/\/dbox.lt\/lt\/wp-json\/wp\/v2\/pages\/406\/revisions\/409"}],"wp:featuredmedia":[{"embeddable":true,"href":"https:\/\/dbox.lt\/lt\/wp-json\/wp\/v2\/media\/234"}],"wp:attachment":[{"href":"https:\/\/dbox.lt\/lt\/wp-json\/wp\/v2\/media?parent=406"}],"curies":[{"name":"wp","href":"https:\/\/api.w.org\/{rel}","templated":true}]}}