{"id":410,"date":"2024-09-19T14:27:48","date_gmt":"2024-09-19T11:27:48","guid":{"rendered":"https:\/\/dbox.lt\/?page_id=410"},"modified":"2024-09-19T14:27:49","modified_gmt":"2024-09-19T11:27:49","slug":"livestock-tracking-2","status":"publish","type":"page","link":"https:\/\/dbox.lt\/lt\/gyvuliu-stebejimas\/","title":{"rendered":"Gyvuli\u0173 steb\u0117jimas"},"content":{"rendered":"<p>DBOX sistema labai naudinga namini\u0173 gyvuli\u0173 ir laukini\u0173 gyv\u016bn\u0173 sekimui, ypa\u010d kalnuotose ir mi\u0161kingose vietov\u0117se visais met\u0173 laikais. DBOX sistema, turinti pa\u017eangias galimybes teritorij\u0173 steb\u0117jimui i\u0161 oro, veiksmingai stebi gyv\u016bn\u0173 migracijos modelius ir renka duomenis apie tam tikr\u0173 r\u016b\u0161i\u0173 gyv\u016bn\u0173 populiacij\u0105. Tai ypa\u010d vertinga vykdant didel\u0117s apimties gyvulininkyst\u0117s operacijas, kai reikia sekti bandas, \u012fvertinti esamus i\u0161teklius ar apskai\u010diuoti nuostolius. Pateikdama i\u0161samius steb\u0117jimus realiuoju laiku, DBOX padeda geriau valdyti gyv\u016bnijos bandas, gerina i\u0161tekli\u0173 planavim\u0105 ir padeda laiku nustatyti aktualias problemas, taip prisid\u0117dama prie efektyvesnio ir informatyvesnio gyv\u016bnijos valdymo.<\/p>","protected":false},"excerpt":{"rendered":"<p>The DBOX system is highly beneficial for livestock tracking, especially in mountainous and forested areas throughout all seasons. Equipped with advanced aerial capabilities, DBOX effectively monitors animal migration patterns and collects data on the population of specific species. This is particularly valuable for large-scale livestock operations, where it helps track herds, assess resources, and evaluate [&hellip;]<\/p>","protected":false},"author":2,"featured_media":235,"parent":0,"menu_order":0,"comment_status":"closed","ping_status":"closed","template":"","meta":{"_seopress_robots_primary_cat":"","_seopress_titles_title":"%%post_title%%","_seopress_titles_desc":"The DBOX system is highly beneficial for livestock tracking, especially in mountainous and forested areas throughout all seasons.","_seopress_robots_index":"","_editorskit_title_hidden":false,"_editorskit_reading_time":0,"_editorskit_is_block_options_detached":false,"_editorskit_block_options_position":"{}","footnotes":""},"class_list":["post-410","page","type-page","status-publish","has-post-thumbnail","hentry"],"_links":{"self":[{"href":"https:\/\/dbox.lt\/lt\/wp-json\/wp\/v2\/pages\/410"}],"collection":[{"href":"https:\/\/dbox.lt\/lt\/wp-json\/wp\/v2\/pages"}],"about":[{"href":"https:\/\/dbox.lt\/lt\/wp-json\/wp\/v2\/types\/page"}],"author":[{"embeddable":true,"href":"https:\/\/dbox.lt\/lt\/wp-json\/wp\/v2\/users\/2"}],"replies":[{"embeddable":true,"href":"https:\/\/dbox.lt\/lt\/wp-json\/wp\/v2\/comments?post=410"}],"version-history":[{"count":1,"href":"https:\/\/dbox.lt\/lt\/wp-json\/wp\/v2\/pages\/410\/revisions"}],"predecessor-version":[{"id":413,"href":"https:\/\/dbox.lt\/lt\/wp-json\/wp\/v2\/pages\/410\/revisions\/413"}],"wp:featuredmedia":[{"embeddable":true,"href":"https:\/\/dbox.lt\/lt\/wp-json\/wp\/v2\/media\/235"}],"wp:attachment":[{"href":"https:\/\/dbox.lt\/lt\/wp-json\/wp\/v2\/media?parent=410"}],"curies":[{"name":"wp","href":"https:\/\/api.w.org\/{rel}","templated":true}]}}