{"id":414,"date":"2024-09-19T14:29:35","date_gmt":"2024-09-19T11:29:35","guid":{"rendered":"https:\/\/dbox.lt\/?page_id=414"},"modified":"2024-09-19T14:29:36","modified_gmt":"2024-09-19T11:29:36","slug":"stockpile-measurements-2","status":"publish","type":"page","link":"https:\/\/dbox.lt\/lt\/turio-matavimai\/","title":{"rendered":"T\u016bri\u0173 matavimai"},"content":{"rendered":"<p>DBOX sistema yra ne\u012fkainojamas \u012frankis i\u0161kastin\u0117ms \u017ealiavoms matuoti karjeruose. Pasitelkdama pa\u017eangi\u0105 bepilo\u010di\u0173 orlaivi\u0173 technologij\u0105, DBOX sistema leid\u017eia atlikti tikslius i\u0161gaunam\u0173 med\u017eiag\u0173, toki\u0173 kaip juod\u017eemis, molis, \u017evyras ir kitos i\u0161kasenos, t\u016brio ir kiekio matavimus. \u0160i galimyb\u0117 labai svarbi atsarg\u0173 valdymui, u\u017etikrinant tiksl\u0173 \u017ealiav\u0173 kiekio steb\u0117jim\u0105 ir optimizuojant i\u0161tekli\u0173 paskirstym\u0105. DBOX efektyvumas matuojant ir stebint atsargas padeda suma\u017einti klaid\u0173 skai\u010di\u0173, padidinti veiklos efektyvum\u0105 ir padeda geriau planuoti bei priimti sprendimus i\u0161kasen\u0173 valdymo srityje.<\/p>","protected":false},"excerpt":{"rendered":"<p>The DBOX system is an invaluable tool for stockpile measurements in quarries. Utilizing advanced drone technology, DBOX provides precise measurements of extracted materials, such as topsoil, clay, gravel, and other soil minerals. By capturing detailed aerial data, DBOX accurately calculates the volume and quantity of stockpiled materials. This capability is crucial for inventory management, ensuring [&hellip;]<\/p>","protected":false},"author":2,"featured_media":222,"parent":0,"menu_order":0,"comment_status":"closed","ping_status":"closed","template":"","meta":{"_seopress_robots_primary_cat":"","_seopress_titles_title":"%%post_title%%","_seopress_titles_desc":"The DBOX system is an invaluable tool for stockpile measurements in quarries.","_seopress_robots_index":"","_editorskit_title_hidden":false,"_editorskit_reading_time":0,"_editorskit_is_block_options_detached":false,"_editorskit_block_options_position":"{}","footnotes":""},"class_list":["post-414","page","type-page","status-publish","has-post-thumbnail","hentry"],"_links":{"self":[{"href":"https:\/\/dbox.lt\/lt\/wp-json\/wp\/v2\/pages\/414"}],"collection":[{"href":"https:\/\/dbox.lt\/lt\/wp-json\/wp\/v2\/pages"}],"about":[{"href":"https:\/\/dbox.lt\/lt\/wp-json\/wp\/v2\/types\/page"}],"author":[{"embeddable":true,"href":"https:\/\/dbox.lt\/lt\/wp-json\/wp\/v2\/users\/2"}],"replies":[{"embeddable":true,"href":"https:\/\/dbox.lt\/lt\/wp-json\/wp\/v2\/comments?post=414"}],"version-history":[{"count":1,"href":"https:\/\/dbox.lt\/lt\/wp-json\/wp\/v2\/pages\/414\/revisions"}],"predecessor-version":[{"id":417,"href":"https:\/\/dbox.lt\/lt\/wp-json\/wp\/v2\/pages\/414\/revisions\/417"}],"wp:featuredmedia":[{"embeddable":true,"href":"https:\/\/dbox.lt\/lt\/wp-json\/wp\/v2\/media\/222"}],"wp:attachment":[{"href":"https:\/\/dbox.lt\/lt\/wp-json\/wp\/v2\/media?parent=414"}],"curies":[{"name":"wp","href":"https:\/\/api.w.org\/{rel}","templated":true}]}}