{"id":418,"date":"2024-09-19T14:33:06","date_gmt":"2024-09-19T11:33:06","guid":{"rendered":"https:\/\/dbox.lt\/?page_id=418"},"modified":"2024-09-19T14:33:06","modified_gmt":"2024-09-19T11:33:06","slug":"damage-reporting-2","status":"publish","type":"page","link":"https:\/\/dbox.lt\/lt\/zalos-ivertinimas\/","title":{"rendered":"\u017dalos vertinimas"},"content":{"rendered":"<p>DBOX sistema labai veiksminga prane\u0161ant apie \u017eal\u0105, ypa\u010d atsirandan\u010di\u0105 \u016bkiuose, mi\u0161kingose teritorijose po gaisr\u0173, audr\u0173, uragan\u0173 ar gausi\u0173 krituli\u0173. Ji suteikia i\u0161samias aerofotonuotraukas ir duomen\u0173 rinkimo galimybes, leid\u017eian\u010dias \u012fvertinti ir dokumentuoti pas\u0117liams, laukams ir infrastrukt\u016brai padaryt\u0105 \u017eal\u0105. U\u017efiksuodama i\u0161sami\u0105 vaizdin\u0119 informacij\u0105, DBOX padeda \u016bkininkams ir \u017eem\u0117s \u016bkio vadovams \u012fvertinti \u017ealos mast\u0105 ir surinkti svarbius duomenis, reikalingus nuostoli\u0173 kompensavimo pra\u0161ymams ir atk\u016brimo darbams. \u0160i informacija yra reik\u0161minga draudimo vertinimams bei rengiant pas\u0117li\u0173 ar infrastrukt\u016bros atk\u016brimo planus, kad nukent\u0117jusi teritorija b\u016bt\u0173 atkurta iki optimalios b\u016bkl\u0117s.<\/p>","protected":false},"excerpt":{"rendered":"<p>The DBOX system is highly effective for damage reporting, particularly in agricultural settings after wildfires, storms, hurricanes, or heavy precipitation. It provides detailed aerial imagery and data collection capabilities to assess and document damage to crops, fields, and infrastructure. By capturing comprehensive visual information, DBOX helps farmers and agricultural managers evaluate the extent of damage [&hellip;]<\/p>","protected":false},"author":2,"featured_media":236,"parent":0,"menu_order":0,"comment_status":"closed","ping_status":"closed","template":"","meta":{"_seopress_robots_primary_cat":"","_seopress_titles_title":"%%post_title%%","_seopress_titles_desc":"The DBOX system is highly effective for damage reporting, particularly in agricultural settings after wildfires, storms, hurricanes, or heavy precipitation.","_seopress_robots_index":"","_editorskit_title_hidden":false,"_editorskit_reading_time":0,"_editorskit_is_block_options_detached":false,"_editorskit_block_options_position":"{}","footnotes":""},"class_list":["post-418","page","type-page","status-publish","has-post-thumbnail","hentry"],"_links":{"self":[{"href":"https:\/\/dbox.lt\/lt\/wp-json\/wp\/v2\/pages\/418"}],"collection":[{"href":"https:\/\/dbox.lt\/lt\/wp-json\/wp\/v2\/pages"}],"about":[{"href":"https:\/\/dbox.lt\/lt\/wp-json\/wp\/v2\/types\/page"}],"author":[{"embeddable":true,"href":"https:\/\/dbox.lt\/lt\/wp-json\/wp\/v2\/users\/2"}],"replies":[{"embeddable":true,"href":"https:\/\/dbox.lt\/lt\/wp-json\/wp\/v2\/comments?post=418"}],"version-history":[{"count":1,"href":"https:\/\/dbox.lt\/lt\/wp-json\/wp\/v2\/pages\/418\/revisions"}],"predecessor-version":[{"id":421,"href":"https:\/\/dbox.lt\/lt\/wp-json\/wp\/v2\/pages\/418\/revisions\/421"}],"wp:featuredmedia":[{"embeddable":true,"href":"https:\/\/dbox.lt\/lt\/wp-json\/wp\/v2\/media\/236"}],"wp:attachment":[{"href":"https:\/\/dbox.lt\/lt\/wp-json\/wp\/v2\/media?parent=418"}],"curies":[{"name":"wp","href":"https:\/\/api.w.org\/{rel}","templated":true}]}}