{"id":118,"date":"2022-11-22T11:27:48","date_gmt":"2022-11-22T11:27:48","guid":{"rendered":"https:\/\/dbox.lt\/?post_type=product&#038;p=118"},"modified":"2026-02-10T12:59:02","modified_gmt":"2026-02-10T10:59:02","slug":"dbox-m2-standard-package","status":"publish","type":"product","link":"https:\/\/dbox.lt\/lt\/produktas\/dbox-m2-standartinis-paketas\/","title":{"rendered":"DBOX M2 *End Of Life"},"content":{"rendered":"<p>DBOX sprendimas \u012fgudusiems vartotojams. Standartin\u012f paket\u0105 sudaro visi reikalingi komponentai ir priedai skirti prad\u0117ti naudotis produktu nuo pirmosios dienos. Tai geriausias pasirinkimas tiems, kurie naudos DBOX vieno klimato zonoje ir turi nesud\u0117tingus duomen\u0173 rinkimo poreikius. V\u0117liau yra galimyb\u0117 atnaujinti DBOX M2 Standard su papildomais komponentais ir tur\u0117ti tok\u012f pat\u012f paket\u0105 kaip DBOX M2 Premium.<\/p>\n<p>Kas sudaro \u0161\u012f paket\u0105:<\/p>\n<ul>\n<li>Drono bazin\u0117 stotis su baterij\u0173 keitimo funkcija.<\/li>\n<li>Cabled or 4G\/LTE connection (router and wiring included).<\/li>\n<li>DJI Mavic 2 integrated remote controller integrated in the box.<\/li>\n<li>Hot\/cold weather module (HVAC).<\/li>\n<li>Weather station.<\/li>\n<li>IP CCTV camera.<\/li>\n<\/ul>\n<p>Ko N\u0116RA \u0161iame pakete:<\/p>\n<ul>\n<li>Dronas<\/li>\n<li>Baterijos<\/li>\n<li>Remote drone control software not included.<\/li>\n<\/ul>\n<p>Priedai: n\u0117ra<\/p>","protected":false},"excerpt":{"rendered":"<p>Drone-in-a-Box solution for intermediate users. Standard package comes with all essential features to start operations from day one. This is the best choice for those, who will use DBOX in a single climate zone and have simple data collection needs. You can later upgrade with add-ons and turn your device to exactly the same product [&hellip;]<\/p>","protected":false},"featured_media":303,"template":"","meta":{"_seopress_robots_primary_cat":"none","_seopress_titles_title":"","_seopress_titles_desc":"","_seopress_robots_index":"","_editorskit_title_hidden":false,"_editorskit_reading_time":0,"_editorskit_is_block_options_detached":false,"_editorskit_block_options_position":"{}"},"product_cat":[18],"product_tag":[],"class_list":{"0":"post-118","1":"product","2":"type-product","3":"status-publish","4":"has-post-thumbnail","6":"product_cat-dbox","8":"first","9":"instock","10":"taxable","11":"shipping-taxable","12":"product-type-simple"},"_links":{"self":[{"href":"https:\/\/dbox.lt\/lt\/wp-json\/wp\/v2\/product\/118"}],"collection":[{"href":"https:\/\/dbox.lt\/lt\/wp-json\/wp\/v2\/product"}],"about":[{"href":"https:\/\/dbox.lt\/lt\/wp-json\/wp\/v2\/types\/product"}],"wp:featuredmedia":[{"embeddable":true,"href":"https:\/\/dbox.lt\/lt\/wp-json\/wp\/v2\/media\/303"}],"wp:attachment":[{"href":"https:\/\/dbox.lt\/lt\/wp-json\/wp\/v2\/media?parent=118"}],"wp:term":[{"taxonomy":"product_cat","embeddable":true,"href":"https:\/\/dbox.lt\/lt\/wp-json\/wp\/v2\/product_cat?post=118"},{"taxonomy":"product_tag","embeddable":true,"href":"https:\/\/dbox.lt\/lt\/wp-json\/wp\/v2\/product_tag?post=118"}],"curies":[{"name":"wp","href":"https:\/\/api.w.org\/{rel}","templated":true}]}}