{"id":171,"date":"2022-12-12T19:56:40","date_gmt":"2022-12-12T17:56:40","guid":{"rendered":"https:\/\/dbox.lt\/?post_type=product&#038;p=171"},"modified":"2025-12-09T13:33:53","modified_gmt":"2025-12-09T11:33:53","slug":"360-aerial-photos","status":"publish","type":"product","link":"https:\/\/dbox.lt\/lt\/produktas\/360-nuotraukos-is-oro\/","title":{"rendered":"360\u00b0 nuotraukos i\u0161 oro"},"content":{"rendered":"<p>Teikiame 360\u00b0 aerofotografavimo paslaugas. Sprendimas puikiai tinka \u012fvairioms atvir\u0173 vietovi\u0173 vizualizacijoms. D\u0117l individuali\u0173 paslaug\u0173 susisiekite su mumis. Kainos galioja paslaugoms Vilniaus regione.<\/p>","protected":false},"excerpt":{"rendered":"<p>Teikiame 360\u00b0 aerofotografavimo paslaugas. Sprendimas puikiai tinka \u012fvairioms atvir\u0173 vietovi\u0173 vizualizacijoms. D\u0117l individuali\u0173 paslaug\u0173 susisiekite su mumis. Kainos galioja paslaugoms Vilniaus regione.<\/p>","protected":false},"featured_media":250,"template":"","meta":{"_seopress_robots_primary_cat":"none","_seopress_titles_title":"","_seopress_titles_desc":"","_seopress_robots_index":"","_editorskit_title_hidden":false,"_editorskit_reading_time":0,"_editorskit_is_block_options_detached":false,"_editorskit_block_options_position":"{}"},"product_cat":[30],"product_tag":[],"class_list":{"0":"post-171","1":"product","2":"type-product","3":"status-publish","4":"has-post-thumbnail","6":"product_cat-services","8":"first","9":"instock","10":"taxable","11":"shipping-taxable","12":"purchasable","13":"product-type-simple"},"_links":{"self":[{"href":"https:\/\/dbox.lt\/lt\/wp-json\/wp\/v2\/product\/171"}],"collection":[{"href":"https:\/\/dbox.lt\/lt\/wp-json\/wp\/v2\/product"}],"about":[{"href":"https:\/\/dbox.lt\/lt\/wp-json\/wp\/v2\/types\/product"}],"wp:featuredmedia":[{"embeddable":true,"href":"https:\/\/dbox.lt\/lt\/wp-json\/wp\/v2\/media\/250"}],"wp:attachment":[{"href":"https:\/\/dbox.lt\/lt\/wp-json\/wp\/v2\/media?parent=171"}],"wp:term":[{"taxonomy":"product_cat","embeddable":true,"href":"https:\/\/dbox.lt\/lt\/wp-json\/wp\/v2\/product_cat?post=171"},{"taxonomy":"product_tag","embeddable":true,"href":"https:\/\/dbox.lt\/lt\/wp-json\/wp\/v2\/product_tag?post=171"}],"curies":[{"name":"wp","href":"https:\/\/api.w.org\/{rel}","templated":true}]}}