{"id":178,"date":"2022-12-12T20:06:26","date_gmt":"2022-12-12T18:06:26","guid":{"rendered":"https:\/\/dbox.lt\/?post_type=product&#038;p=178"},"modified":"2026-02-10T13:15:00","modified_gmt":"2026-02-10T11:15:00","slug":"2d-mapping-services","status":"publish","type":"product","link":"https:\/\/dbox.lt\/lt\/produktas\/2d-zemelapiu-sudarymas\/","title":{"rendered":"2D \u017eem\u0117lapi\u0173 sudarymas"},"content":{"rendered":"<p>Teikiame fotogrametrines paslaugas. Galime sukurti \u012fvairaus detalumo ir duomen\u0173 2D \u017eem\u0117lapius. D\u0117l papildomos informacijos ar individuali\u0173 pasi\u016blym\u0173 pra\u0161ome su mumis susisiekti. Nurodytos kainos galioja tik Vilniaus apylink\u0117se.<\/p>","protected":false},"excerpt":{"rendered":"<p>Teikiame fotogrametrines paslaugas. Galime sukurti \u012fvairaus detalumo ir duomen\u0173 2D \u017eem\u0117lapius. D\u0117l papildomos informacijos ar individuali\u0173 pasi\u016blym\u0173 pra\u0161ome su mumis susisiekti. Nurodytos kainos galioja tik Vilniaus apylink\u0117se.<\/p>","protected":false},"featured_media":183,"template":"","meta":{"_seopress_robots_primary_cat":"none","_seopress_titles_title":"","_seopress_titles_desc":"","_seopress_robots_index":"","_editorskit_title_hidden":false,"_editorskit_reading_time":0,"_editorskit_is_block_options_detached":false,"_editorskit_block_options_position":"{}"},"product_cat":[30],"product_tag":[],"class_list":{"0":"post-178","1":"product","2":"type-product","3":"status-publish","4":"has-post-thumbnail","6":"product_cat-services","8":"first","9":"instock","10":"taxable","11":"shipping-taxable","12":"purchasable","13":"product-type-simple"},"_links":{"self":[{"href":"https:\/\/dbox.lt\/lt\/wp-json\/wp\/v2\/product\/178"}],"collection":[{"href":"https:\/\/dbox.lt\/lt\/wp-json\/wp\/v2\/product"}],"about":[{"href":"https:\/\/dbox.lt\/lt\/wp-json\/wp\/v2\/types\/product"}],"wp:featuredmedia":[{"embeddable":true,"href":"https:\/\/dbox.lt\/lt\/wp-json\/wp\/v2\/media\/183"}],"wp:attachment":[{"href":"https:\/\/dbox.lt\/lt\/wp-json\/wp\/v2\/media?parent=178"}],"wp:term":[{"taxonomy":"product_cat","embeddable":true,"href":"https:\/\/dbox.lt\/lt\/wp-json\/wp\/v2\/product_cat?post=178"},{"taxonomy":"product_tag","embeddable":true,"href":"https:\/\/dbox.lt\/lt\/wp-json\/wp\/v2\/product_tag?post=178"}],"curies":[{"name":"wp","href":"https:\/\/api.w.org\/{rel}","templated":true}]}}